{"id":3939,"date":"2019-07-09T08:48:23","date_gmt":"2019-07-09T08:48:23","guid":{"rendered":"http:\/\/www.nghexin.co.za\/?page_id=3939"},"modified":"2019-07-10T01:56:03","modified_gmt":"2019-07-10T01:56:03","slug":"the-method-for-using-grinding-media-balls-metal-mould","status":"publish","type":"page","link":"https:\/\/www.nghexin.co.za\/pt\/o-metodo-para-usar-bolas-de-midia-de-moagem-em-molde-de-metal\/","title":{"rendered":"O m\u00e9todo para usar bolas de m\u00eddia de moagem molde de metal"},"content":{"rendered":"<style type=\"text\/css\" data-created_by=\"avia_inline_auto\" id=\"style-css-av-av_heading-220483710027a2c07e60d73734dd3e9d\">\n#top .av-special-heading.av-av_heading-220483710027a2c07e60d73734dd3e9d{\npadding-bottom:10px;\n}\nbody .av-special-heading.av-av_heading-220483710027a2c07e60d73734dd3e9d .av-special-heading-tag .heading-char{\nfont-size:25px;\n}\n.av-special-heading.av-av_heading-220483710027a2c07e60d73734dd3e9d .av-subheading{\nfont-size:15px;\n}\n<\/style>\n<div  class='av-special-heading av-av_heading-220483710027a2c07e60d73734dd3e9d av-special-heading-h1 blockquote modern-quote modern-centered  avia-builder-el-0  el_before_av_hr  avia-builder-el-first'><h1 class='av-special-heading-tag'  itemprop=\"headline\"  >Como usar molde de metal para esferas de moagem e molde de metal para caixa de areia? <\/h1><div class=\"special-heading-border\"><div class=\"special-heading-inner-border\"><\/div><\/div><\/div>\n\n<style type=\"text\/css\" data-created_by=\"avia_inline_auto\" id=\"style-css-av-jxvg1xfb-d4d38a4efb997a2799aacad4d2bf4219\">\n#top .hr.av-jxvg1xfb-d4d38a4efb997a2799aacad4d2bf4219{\nmargin-top:10px;\nmargin-bottom:15px;\n}\n.hr.av-jxvg1xfb-d4d38a4efb997a2799aacad4d2bf4219 .hr-inner{\nwidth:50px;\nborder-color:#c22323;\n}\n<\/style>\n<div  class='hr av-jxvg1xfb-d4d38a4efb997a2799aacad4d2bf4219 hr-custom  avia-builder-el-1  el_after_av_heading  el_before_av_one_full  hr-center hr-icon-no'><span class='hr-inner inner-border-av-border-fat'><span class=\"hr-inner-style\"><\/span><\/span><\/div>\n\n<style type=\"text\/css\" data-created_by=\"avia_inline_auto\" id=\"style-css-av-3za1rn-ee835d0880e9f251722a6be5ab6167b8\">\n.flex_column.av-3za1rn-ee835d0880e9f251722a6be5ab6167b8{\nborder-radius:0px 0px 0px 0px;\n-webkit-border-radius:0px 0px 0px 0px;\n-moz-border-radius:0px 0px 0px 0px;\n}\n<\/style>\n<div class='flex_column av-3za1rn-ee835d0880e9f251722a6be5ab6167b8 av_one_full  avia-builder-el-2  el_after_av_hr  avia-builder-el-last  first flex_column_div av-zero-column-padding'   ><p><section  class='av_textblock_section av-jxvglr2m-ec96cfc3ea481ea89d75bdb8ea005797'  itemscope=\"itemscope\" itemtype=\"https:\/\/schema.org\/CreativeWork\" ><div class='avia_textblock'  itemprop=\"text\" ><p><span style=\"font-size: 12pt; font-family: 'trebuchet ms', geneva, sans-serif;\">O <a href=\"https:\/\/www.nghexin.co.za\/pt\/fazendo-bolas-de-moagem-de-cromo-fundido\/\">molde de metal para bolas de moagem manual (produzindo bolas de tamanho de dia30-150mm)<\/a> e <a href=\"https:\/\/www.nghexin.co.za\/pt\/fazendo-bolas-de-moagem-de-cromo-fundido\/\">molde de metal para caixa de areia (produzindo bolas de dia8-30mm)<\/a> s\u00e3o amplamente bem-vindas fundi\u00e7\u00f5es nacionais e estrangeiras. Pode produzir bolas de baixo, m\u00e9dio e alto cromo com diferentes composi\u00e7\u00f5es.\u00a0<\/span><\/p>\n<p><span style=\"font-size: 12pt; font-family: 'trebuchet ms', geneva, sans-serif;\">As vantagens: os custos de investimento s\u00e3o baixos; f\u00e1cil opera\u00e7\u00e3o; alta efici\u00eancia de produ\u00e7\u00e3o;\u00a0<\/span><\/p>\n<p><span style=\"font-size: 12pt; font-family: 'trebuchet ms', geneva, sans-serif;\">Aqui est\u00e3o instru\u00e7\u00f5es detalhadas de como usar o molde de metal para fabricar?\u00a0<\/span><\/p>\n<\/div><\/section><br \/>\n\n<style type=\"text\/css\" data-created_by=\"avia_inline_auto\" id=\"style-css-av-jxvgmd9z-c8d72cc11f08e5ecd8c8537cacc5c9a7\">\n#top .hr.hr-invisible.av-jxvgmd9z-c8d72cc11f08e5ecd8c8537cacc5c9a7{\nheight:30px;\n}\n<\/style>\n<div  class='hr av-jxvgmd9z-c8d72cc11f08e5ecd8c8537cacc5c9a7 hr-invisible  avia-builder-el-4  el_after_av_textblock  el_before_av_textblock'><span class='hr-inner'><span class=\"hr-inner-style\"><\/span><\/span><\/div><br \/>\n<section  class='av_textblock_section av-jxvgru3f-feea7796173f5b8255a03542a93e2208'  itemscope=\"itemscope\" itemtype=\"https:\/\/schema.org\/CreativeWork\" ><div class='avia_textblock'  itemprop=\"text\" ><h2><span style=\"font-family: helvetica, arial, sans-serif; font-size: 16pt;\">Para molde de metal de bolas de m\u00eddia de moagem de dia30-150mm\u00a0<\/span><\/h2>\n<ol>\n<li><span style=\"font-family: helvetica, arial, sans-serif; font-size: 12pt;\">Aquecimento: O molde de metal deve ser aquecido antes de usar. Quando sua temperatura subir em torno de 200-300 graus, ent\u00e3o pode come\u00e7ar a despejar. Ou o molde de metal ser\u00e1 facilmente danificado.\u00a0<\/span><\/li>\n<li><span style=\"font-family: helvetica, arial, sans-serif; font-size: 12pt;\">Moldagem em Areia: Ap\u00f3s o aquecimento, o molde de metal superior e inferior deve ser preenchido com areia comum. Um furo \u00e9 necess\u00e1rio no meio do molde superior para que o ferro fundido possa ser preenchido dentro.\u00a0\u00a0<\/span><\/li>\n<li><span style=\"font-family: helvetica, arial, sans-serif; font-size: 12pt;\">Pintura do n\u00facleo da bola do molde: Ap\u00f3s a moldagem em areia, o n\u00facleo da bola do molde de metal deve ser protegido com acetileno por meio de fuma\u00e7a de pulveriza\u00e7\u00e3o ou usando pintura de alta temperatura. Dessa forma, pode-se prolongar a vida \u00fatil do molde e melhorar a qualidade das bolas.\u00a0<\/span><\/li>\n<li><span style=\"font-family: helvetica, arial, sans-serif; font-size: 12pt;\">Fundi\u00e7\u00e3o: O molde superior e o molde inferior devem ser fechados ap\u00f3s a prote\u00e7\u00e3o. Ent\u00e3o, com a ajuda de uma concha de vazamento, despejar o ferro fundido no molde.\u00a0<\/span><\/li>\n<li><span style=\"font-family: helvetica, arial, sans-serif; font-size: 12pt;\">Molde aberto: Ap\u00f3s v\u00e1rios minutos, devemos abrir o molde com a ajuda de duas barras redondas para inserir respectivamente os furos na superf\u00edcie do molde e, em seguida, retirar as bolas. Em seguida, remodelar e refundir.<\/span><\/li>\n<li><span style=\"font-family: helvetica, arial, sans-serif;\"><span style=\"font-size: 12pt;\"><span style=\"font-size: 12pt;\">Propor\u00e7\u00e3o de areia: 100 kg de areia comum equipada com 20 kg de argila e 8-12 kg de vidro de \u00e1gua, e ent\u00e3o colocados em uma m\u00e1quina misturadora de areia para triturar.<\/span><\/span>\n<style type=\"text\/css\" data-created_by=\"avia_inline_auto\" id=\"style-css-av-2dj7sz-50036266f5b0105213a1e27d7eb515ed\">\n#top .hr.hr-invisible.av-2dj7sz-50036266f5b0105213a1e27d7eb515ed{\nheight:15px;\n}\n<\/style>\n<div  class='hr av-2dj7sz-50036266f5b0105213a1e27d7eb515ed hr-invisible  avia-builder-el-6  avia-builder-el-no-sibling'><span class='hr-inner'><span class=\"hr-inner-style\"><\/span><\/span><\/div><\/span><\/li>\n<\/ol>\n<p><span style=\"font-family: helvetica, arial, sans-serif; font-size: 14pt;\"><strong>Dicas importantes:<\/strong><\/span><\/p>\n<h3><span style=\"text-decoration: underline; font-size: 12pt; font-family: helvetica, arial, sans-serif;\">\u221a Primeiro, \u00e9 essencial aquecer o molde adequadamente. <\/span><\/h3>\n<p><span style=\"font-size: 12pt; font-family: helvetica, arial, sans-serif;\">\u00a0O molde de metal frio deve ser AQUECIDO antes de despejar completamente pela primeira vez. Alguns clientes cometeram erros e danificaram o molde. Ent\u00e3o, se aquecer os moldes for um pouco dif\u00edcil, voc\u00ea pode fazer o seguinte: ap\u00f3s o acabamento da moldagem em areia e fechar o molde superior e inferior, na primeira vez que despejar, despeje SOMENTE a METADE CHEIA do ferro fundido no molde de metal. Deixe a temperatura do ferro fundido aquecer o molde de metal. Em seguida, retire as meias bolas e, na segunda vez que despejar, encha completamente.<\/span><\/p>\n<h3><span style=\"text-decoration: underline; font-size: 12pt; font-family: helvetica, arial, sans-serif;\">\u221a Segundo, a prote\u00e7\u00e3o dos resultados do processo melhora a vida \u00fatil do molde met\u00e1lico.<\/span><\/h3>\n<p><span style=\"font-size: 12pt; font-family: helvetica, arial, sans-serif;\"> Voc\u00ea pode escolher acetileno ou pintura especial para revestir a superf\u00edcie dos n\u00facleos de esferas. \u00c9 melhor fazer essa prote\u00e7\u00e3o todos os dias.<\/span><\/p>\n<h3><span style=\"text-decoration: underline; font-size: 12pt; font-family: helvetica, arial, sans-serif;\">\u221a Terceiro, ap\u00f3s terminar os trabalhos todos os dias, os operadores devem encher a areia dentro do molde. <\/span><\/h3>\n<p><span style=\"font-size: 12pt; font-family: helvetica, arial, sans-serif;\">Fa\u00e7a assim, quando chegar o dia seguinte, despejando diretamente o ferro fundido e n\u00e3o precisando aquecer os moldes de metal novamente.<\/span><\/p>\n<h3><span style=\"text-decoration: underline; font-size: 12pt; font-family: helvetica, arial, sans-serif;\">\u221a Quarto, o molde de metal \u00e9 aquecido novamente.\u00a0<\/span><\/h3>\n<p><span style=\"font-size: 12pt; font-family: helvetica, arial, sans-serif;\"> Se os moldes n\u00e3o forem usados por muito tempo e o ambiente estiver \u00famido, ent\u00e3o, ao reutiliz\u00e1-los, mesmo j\u00e1 tendo preenchido a areia dentro dos moldes, ainda ser\u00e1 necess\u00e1rio aquec\u00ea-los novamente, ou voc\u00ea ouvir\u00e1 um pouco de barulho como pequenos fogos de artif\u00edcio. E a qualidade da bola \u00e9 ruim.<\/span><\/p>\n<p><span style=\"font-size: 12pt; font-family: helvetica, arial, sans-serif;\">Caso voc\u00ea ainda encontre algum outro problema ou quest\u00e3o, entre em contato conosco.\u00a0<\/span><\/p>\n<\/div><\/section><br \/>\n<div  class='hr av-jxvkelzu-ceac3ae00d2a79cc4afb0273e0b2aef2 hr-short  avia-builder-el-7  el_after_av_textblock  el_before_av_textblock  hr-center'><span class='hr-inner'><span class=\"hr-inner-style\"><\/span><\/span><\/div><br \/>\n<section  class='av_textblock_section av-jxvh7ya8-95be5728842a9e6a24e770dee40b64de'  itemscope=\"itemscope\" itemtype=\"https:\/\/schema.org\/CreativeWork\" ><div class='avia_textblock'  itemprop=\"text\" ><h2><span style=\"font-size: 16pt; font-family: helvetica, arial, sans-serif;\">Para molde de metal de caixa de areia (Dia8mm \u2013 30mm)<\/span><\/h2>\n<ul>\n<li><span style=\"font-size: 12pt; font-family: helvetica, arial, sans-serif;\">H\u00e1 um par de moldes de metal da caixa de areia e uma pe\u00e7a do padr\u00e3o para uso. Observe que o padr\u00e3o tem DOIS lados, superior e inferior.<\/span><\/li>\n<li><span style=\"font-size: 12pt; font-family: helvetica, arial, sans-serif;\">Primeiro, preencha a areia com o molde de caixa de areia superior e inferior. Coloque o molde de caixa de areia inferior no lado inferior do padr\u00e3o, preenchendo a areia misturada e, em seguida, usando um martelo chato feito pelo homem para apertar a areia.<\/span><\/li>\n<li><span style=\"font-size: 12pt; font-family: helvetica, arial, sans-serif;\">Usando o mesmo m\u00e9todo para fazer o molde de areia para o lado superior da caixa de areia com o lado superior do padr\u00e3o. Isso \u00e9 muito importante. N\u00e3o podemos usar apenas um lado do padr\u00e3o para fazer o molde superior e inferior.<\/span><\/li>\n<li><span style=\"font-size: 12pt; font-family: helvetica, arial, sans-serif;\">Fechei o molde da caixa de areia superior e inferior.\u00a0\u00a0<\/span><\/li>\n<li><span style=\"font-size: 12pt; font-family: helvetica, arial, sans-serif;\">Usando um cano para fazer dois furos na posi\u00e7\u00e3o do port\u00e3o de vazamento na areia superior. Este furo \u00e9 usado para despejar o ferro fundido.\u00a0<\/span><\/li>\n<li><span style=\"font-size: 12pt; font-family: helvetica, arial, sans-serif;\">Ra\u00e7\u00e3o de areia: 30 kg de bentonita, 70 kg de areia comum, 5-8 kg de p\u00f3 de carv\u00e3o; um pouco de \u00e1gua.\u00a0<\/span><\/li>\n<\/ul>\n<\/div><\/section><br \/>\n\n<style type=\"text\/css\" data-created_by=\"avia_inline_auto\" id=\"style-css-av-jxvk4hiv-51e01fe22a1459b7c513665e58816a6b\">\n.avia-image-container.av-jxvk4hiv-51e01fe22a1459b7c513665e58816a6b .av-image-caption-overlay-center{\ncolor:#ffffff;\n}\n<\/style>\n<div  class='avia-image-container av-jxvk4hiv-51e01fe22a1459b7c513665e58816a6b av-styling- avia-align-center  avia-builder-el-9  el_after_av_textblock  avia-builder-el-last'  itemprop=\"image\" itemscope=\"itemscope\" itemtype=\"https:\/\/schema.org\/ImageObject\" ><div class=\"avia-image-container-inner\"><div class=\"avia-image-overlay-wrap\"><img decoding=\"async\" class='wp-image-3941 avia-img-lazy-loading-not-3941 avia_image' src=\"https:\/\/lingjuimg.com\/wp-content\/uploads\/hexinnaimo\/2019\/07\/micro-balls-and-micro-cylpebs-mold_\u526f\u672c-1.jpg\" alt='padr\u00f5es para moldes de metal para bolas de moagem' title='molde de micro-bolas e micro-cilpebs_\u526f\u672c (1)'  height=\"600\" width=\"800\"  itemprop=\"thumbnailUrl\" srcset=\"https:\/\/lingjuimg.com\/wp-content\/uploads\/hexinnaimo\/2019\/07\/micro-balls-and-micro-cylpebs-mold_\u526f\u672c-1.jpg 800w, https:\/\/lingjuimg.com\/wp-content\/uploads\/hexinnaimo\/2019\/07\/micro-balls-and-micro-cylpebs-mold_\u526f\u672c-1-80x60.jpg 80w, https:\/\/lingjuimg.com\/wp-content\/uploads\/hexinnaimo\/2019\/07\/micro-balls-and-micro-cylpebs-mold_\u526f\u672c-1-768x576.jpg 768w, https:\/\/lingjuimg.com\/wp-content\/uploads\/hexinnaimo\/2019\/07\/micro-balls-and-micro-cylpebs-mold_\u526f\u672c-1-705x529.jpg 705w, https:\/\/lingjuimg.com\/wp-content\/uploads\/hexinnaimo\/2019\/07\/micro-balls-and-micro-cylpebs-mold_\u526f\u672c-1-450x338.jpg 450w\" sizes=\"(max-width: 800px) 100vw, 800px\" \/><\/div><\/div><\/div><\/p><\/div>","protected":false},"excerpt":{"rendered":"","protected":false},"author":1,"featured_media":3941,"parent":0,"menu_order":0,"comment_status":"closed","ping_status":"closed","template":"","meta":{"footnotes":""},"class_list":["post-3939","page","type-page","status-publish","has-post-thumbnail","hentry"],"_links":{"self":[{"href":"https:\/\/www.nghexin.co.za\/pt\/wp-json\/wp\/v2\/pages\/3939"}],"collection":[{"href":"https:\/\/www.nghexin.co.za\/pt\/wp-json\/wp\/v2\/pages"}],"about":[{"href":"https:\/\/www.nghexin.co.za\/pt\/wp-json\/wp\/v2\/types\/page"}],"author":[{"embeddable":true,"href":"https:\/\/www.nghexin.co.za\/pt\/wp-json\/wp\/v2\/users\/1"}],"replies":[{"embeddable":true,"href":"https:\/\/www.nghexin.co.za\/pt\/wp-json\/wp\/v2\/comments?post=3939"}],"version-history":[{"count":12,"href":"https:\/\/www.nghexin.co.za\/pt\/wp-json\/wp\/v2\/pages\/3939\/revisions"}],"predecessor-version":[{"id":3953,"href":"https:\/\/www.nghexin.co.za\/pt\/wp-json\/wp\/v2\/pages\/3939\/revisions\/3953"}],"wp:featuredmedia":[{"embeddable":true,"href":"https:\/\/www.nghexin.co.za\/pt\/wp-json\/wp\/v2\/media\/3941"}],"wp:attachment":[{"href":"https:\/\/www.nghexin.co.za\/pt\/wp-json\/wp\/v2\/media?parent=3939"}],"curies":[{"name":"wp","href":"https:\/\/api.w.org\/{rel}","templated":true}]}}