{"id":3726,"date":"2019-01-23T07:20:50","date_gmt":"2019-01-23T07:20:50","guid":{"rendered":"http:\/\/www.nghexin.co.za\/?page_id=3726"},"modified":"2022-05-27T08:49:18","modified_gmt":"2022-05-27T08:49:18","slug":"automatic-sand-precoating-and-waste-sand-recyling-plant","status":"publish","type":"page","link":"https:\/\/www.nghexin.co.za\/es\/planta-automatica-de-precapa-de-arena-y-reciclaje-de-arena-residual\/","title":{"rendered":"Planta autom\u00e1tica de precapa de arena y reciclaje de arena residual"},"content":{"rendered":"<div id='full_slider_1'  class='avia-fullwidth-slider main_color avia-shadow   avia-builder-el-0  el_before_av_section  avia-builder-el-first   container_wrap sidebar_right'  >\n<style type=\"text\/css\" data-created_by=\"avia_inline_auto\" id=\"style-css-av-jr8iypfy-929007b9c932054ac6f995f7fd313fc6\">\n#top #wrap_all .avia-slideshow .av-slideshow-caption.av-jr8iypfy-929007b9c932054ac6f995f7fd313fc6__0 .avia-caption-title{\nfont-size:24px;\n}\n#top .avia-slideshow .av-slideshow-caption.av-jr8iypfy-929007b9c932054ac6f995f7fd313fc6__0 .avia-caption-content{\nfont-size:18px;\n}\n#top .avia-slideshow .av-slideshow-caption.av-jr8iypfy-929007b9c932054ac6f995f7fd313fc6__0 .avia-caption-content p{\nfont-size:18px;\n}\n<\/style>\n<div  class='avia-slideshow av-jr8iypfy-929007b9c932054ac6f995f7fd313fc6 av-control-default avia-slideshow-no scaling av_slideshow_full avia-slide-slider av-default-height-applied   avia-slideshow-1'  data-size='no scaling'  data-lightbox_size='large'  data-animation='slide'  data-conditional_play=''  data-ids='3727'  data-video_counter='0'  data-autoplay='false'  data-bg_slider='false'  data-slide_height=''  data-handle='av_slideshow_full'  data-interval='1'  data-class=''  data-extra_class=' '  data-el_id=''  data-css_id=''  data-scroll_down=''  data-control_layout='av-control-default'  data-custom_markup=''  data-perma_caption=''  data-autoplay_stopper=''  data-image_attachment=''  data-min_height='0px'  data-lazy_loading='disabled'  data-default-height='20'  data-stretch=''  data-src=''  data-position='top left'  data-repeat='no-repeat'  data-attach='scroll'  data-img_scrset=''  data-av-desktop-hide=''  data-av-medium-hide=''  data-av-small-hide=''  data-av-mini-hide=''  data-id=''  data-custom_class=''  data-template_class=''  data-av_uid='av-jr8iypfy'  data-sc_version='1.0'  data-heading_tag=''  data-heading_class=''   itemprop=\"image\" itemscope=\"itemscope\" itemtype=\"https:\/\/schema.org\/ImageObject\" ><ul class='avia-slideshow-inner' style='padding-bottom: 20%;'><li  class='avia-slideshow-slide av-jr8iypfy-929007b9c932054ac6f995f7fd313fc6__0  av-single-slide slide-1' ><div data-rel='slideshow-1' class='avia-slide-wrap'   ><div class='av-slideshow-caption av-jr8iypfy-929007b9c932054ac6f995f7fd313fc6__0 caption_fullwidth caption_left caption_left_framed caption_framed'><div class=\"container caption_container\"><div class=\"slideshow_caption\"><div class=\"slideshow_inner_caption\"><div class=\"slideshow_align_caption\"><h2 class='avia-caption-title'  itemprop=\"name\" >Equipos Auxiliares para L\u00ednea de Moldeo Automotriz<\/h2><div class='avia-caption-content'  itemprop=\"description\" ><p>Planta autom\u00e1tica de precapa de arena y reciclaje de arena residual<\/p>\n<\/div><\/div><\/div><\/div><\/div><\/div><img decoding=\"async\" class=\"wp-image-3727 avia-img-lazy-loading-not-3727\"  src=\"https:\/\/lingjuimg.com\/wp-content\/uploads\/hexinnaimo\/2019\/01\/sand-processing.jpg\" width=\"1250\" height=\"250\" title='procesamiento de arena' alt='Proceso de arena para la fundici\u00f3n de bolas de molienda '  itemprop=\"thumbnailUrl\" srcset=\"https:\/\/lingjuimg.com\/wp-content\/uploads\/hexinnaimo\/2019\/01\/sand-processing.jpg 1250w, https:\/\/lingjuimg.com\/wp-content\/uploads\/hexinnaimo\/2019\/01\/sand-processing-80x16.jpg 80w, https:\/\/lingjuimg.com\/wp-content\/uploads\/hexinnaimo\/2019\/01\/sand-processing-768x154.jpg 768w, https:\/\/lingjuimg.com\/wp-content\/uploads\/hexinnaimo\/2019\/01\/sand-processing-1030x206.jpg 1030w, https:\/\/lingjuimg.com\/wp-content\/uploads\/hexinnaimo\/2019\/01\/sand-processing-705x141.jpg 705w, https:\/\/lingjuimg.com\/wp-content\/uploads\/hexinnaimo\/2019\/01\/sand-processing-450x90.jpg 450w\" sizes=\"(max-width: 1250px) 100vw, 1250px\" \/><div class='av-section-color-overlay' style='opacity: 0.4; background-color: #000000; '><\/div><\/div><\/li><\/ul><\/div><\/div>\n\n<style type=\"text\/css\" data-created_by=\"avia_inline_auto\" id=\"style-css-av-gycloe-8a58870ef1bf157897125a2c89fb1b60\">\n#top .avia-section.av-gycloe-8a58870ef1bf157897125a2c89fb1b60 .scroll-down-link{\ncolor:#c22323;\n}\n.avia-section.av-gycloe-8a58870ef1bf157897125a2c89fb1b60 .av-extra-border-element .av-extra-border-inner{\nbackground-color:#e2e2e2;\n}\n<\/style>\n<div id='av_section_1'  class='avia-section av-gycloe-8a58870ef1bf157897125a2c89fb1b60 main_color avia-section-default avia-no-border-styling  avia-builder-el-1  el_after_av_slideshow_full  el_before_av_section  avia-bg-style-scroll container_wrap sidebar_right'  ><div class=\"av-section-color-overlay-wrap\"><a href='#next-section' title='' class='scroll-down-link av-custom-scroll-down-color' aria-hidden='true' data-av_icon='\ue877' data-av_iconfont='entypo-fontello'><\/a><div class='container av-section-cont-open' ><div class='template-page content  av-content-small alpha units'><div class='post-entry post-entry-type-page post-entry-3726'><div class='entry-content-wrapper clearfix'>\n\n<style type=\"text\/css\" data-created_by=\"avia_inline_auto\" id=\"style-css-av-jryhan6j-dbc03cbbf84a938349e1c27552b5f79b\">\n#top .av-special-heading.av-jryhan6j-dbc03cbbf84a938349e1c27552b5f79b{\npadding-bottom:10px;\n}\nbody .av-special-heading.av-jryhan6j-dbc03cbbf84a938349e1c27552b5f79b .av-special-heading-tag .heading-char{\nfont-size:25px;\n}\n.av-special-heading.av-jryhan6j-dbc03cbbf84a938349e1c27552b5f79b .av-subheading{\nfont-size:15px;\n}\n<\/style>\n<div  class='av-special-heading av-jryhan6j-dbc03cbbf84a938349e1c27552b5f79b av-special-heading-h2 blockquote modern-quote  avia-builder-el-2  el_before_av_one_half  avia-builder-el-first'><h2 class='av-special-heading-tag'  itemprop=\"headline\"  >1. Planta autom\u00e1tica de prerrevestimiento de arena de 150 kg <\/h2><div class=\"special-heading-border\"><div class=\"special-heading-inner-border\"><\/div><\/div><\/div>\n\n<style type=\"text\/css\" data-created_by=\"avia_inline_auto\" id=\"style-css-av-fv02b2-92788d763f515686f3c8c376ca795a9e\">\n.flex_column.av-fv02b2-92788d763f515686f3c8c376ca795a9e{\nborder-radius:0px 0px 0px 0px;\n-webkit-border-radius:0px 0px 0px 0px;\n-moz-border-radius:0px 0px 0px 0px;\n}\n<\/style>\n<div class='flex_column av-fv02b2-92788d763f515686f3c8c376ca795a9e av_one_half  avia-builder-el-3  el_after_av_heading  el_before_av_one_half  first flex_column_div av-zero-column-padding'   ><section  class='av_textblock_section av-jr8jcg0d-4d1c2a1dbdf7dbe7b5fbec2621372f3b'  itemscope=\"itemscope\" itemtype=\"https:\/\/schema.org\/CreativeWork\" ><div class='avia_textblock'  itemprop=\"text\" ><p><span style=\"text-decoration: underline; font-family: 'trebuchet ms', geneva, sans-serif; font-size: 12pt;\">Los componentes de la arena pre-recubierta utilizada en la l\u00ednea de moldeo:\u00a0<\/span><\/p>\n<ul>\n<li><span style=\"font-family: 'trebuchet ms', geneva, sans-serif; font-size: 12pt;\">Arena de mar: malla 70-140: 100 kg<\/span><\/li>\n<li><span style=\"font-family: 'trebuchet ms', geneva, sans-serif; font-size: 12pt;\">Resina: 1,8 kg.<\/span><\/li>\n<li><span style=\"font-family: 'trebuchet ms', geneva, sans-serif; font-size: 12pt;\">Unotropina: 0,27 kg<\/span><\/li>\n<li><span style=\"font-family: 'trebuchet ms', geneva, sans-serif; font-size: 12pt;\">Estearato de calcio: 1,26 kg<\/span><\/li>\n<li><span style=\"font-family: 'trebuchet ms', geneva, sans-serif; font-size: 12pt;\">Agente desintegrante (agente de fusi\u00f3n): 100 ml (200 kg)<\/span><\/li>\n<\/ul>\n<p><span style=\"text-decoration: underline; font-family: 'trebuchet ms', geneva, sans-serif; font-size: 12pt;\">Composici\u00f3n principal de la l\u00ednea de precapado de arena:<\/span><\/p>\n<p><span style=\"font-family: 'trebuchet ms', geneva, sans-serif; font-size: 12pt;\">Cubo, dispositivo de calentamiento, mezclador de arena, sistema de enfriamiento vibratorio y sistema de adici\u00f3n autom\u00e1tica de material, etc.<\/span><\/p>\n<p><span style=\"font-family: 'trebuchet ms', geneva, sans-serif; font-size: 12pt;\">Todo el equipo consta de: sistema de adici\u00f3n autom\u00e1tica de material, sistema de peso, sistema de calefacci\u00f3n, sistema de enfriamiento, sistema de eliminaci\u00f3n de polvo equipado, sistema de control, estructura de acero no est\u00e1ndar, etc.<\/span><\/p>\n<p><span style=\"text-decoration: underline; font-family: 'trebuchet ms', geneva, sans-serif;\"><span style=\"font-size: 12pt;\">Los par\u00e1metros principales<\/span><\/span><\/p>\n<ul>\n<li><span style=\"font-family: 'trebuchet ms', geneva, sans-serif; font-size: 12pt;\">Alimentaci\u00f3n: trif\u00e1sica\/monof\u00e1sica: 380\/220 V \u00b1 151 TP3T 50 Hz<\/span><\/li>\n<li><span style=\"font-family: 'trebuchet ms', geneva, sans-serif; font-size: 12pt;\">Agua industrial: presi\u00f3n: 0,15 Mpa\u00a0\u00a0\u00a0<\/span><\/li>\n<li><span style=\"font-family: 'trebuchet ms', geneva, sans-serif; font-size: 12pt;\">Compresi\u00f3n de aire: \u22650,45 Mpa.<\/span><\/li>\n<li><span style=\"font-family: 'trebuchet ms', geneva, sans-serif; font-size: 12pt;\">Temperatura ambiente de trabajo: -12\uff5e45\u2103<\/span><\/li>\n<\/ul>\n<\/div><\/section><\/div>\n<style type=\"text\/css\" data-created_by=\"avia_inline_auto\" id=\"style-css-av-4notq-c55b8846e2497288a3e7c063ae65f03f\">\n.flex_column.av-4notq-c55b8846e2497288a3e7c063ae65f03f{\nborder-radius:0px 0px 0px 0px;\n-webkit-border-radius:0px 0px 0px 0px;\n-moz-border-radius:0px 0px 0px 0px;\n}\n<\/style>\n<div class='flex_column av-4notq-c55b8846e2497288a3e7c063ae65f03f av_one_half  avia-builder-el-5  el_after_av_one_half  el_before_av_hr  flex_column_div av-zero-column-padding'   ><p>\n<style type=\"text\/css\" data-created_by=\"avia_inline_auto\" id=\"style-css-av-jr8k3j47-4e15ebe5af631093a8c03ef57e1262d0\">\n#top .hr.hr-invisible.av-jr8k3j47-4e15ebe5af631093a8c03ef57e1262d0{\nheight:50px;\n}\n<\/style>\n<div  class='hr av-jr8k3j47-4e15ebe5af631093a8c03ef57e1262d0 hr-invisible  avia-builder-el-6  el_before_av_video  avia-builder-el-first'><span class='hr-inner'><span class=\"hr-inner-style\"><\/span><\/span><\/div><br \/>\n<div  class='avia-video av-agtjcu-766d6f60df07d841a87612857c2162f3 avia-video-16-9 av-no-preview-image avia-video-load-always av-lazyload-immediate av-lazyload-video-embed'  itemprop=\"video\" itemtype=\"https:\/\/schema.org\/VideoObject\"  data-original_url='https:\/\/youtu.be\/ms6sE3_FUSk'><script type='text\/html' class='av-video-tmpl'><div class='avia-iframe-wrap'><iframe loading=\"lazy\" width=\"1500\" height=\"844\" src=\"https:\/\/www.youtube.com\/embed\/ms6sE3_FUSk?feature=oembed&autoplay=0&loop=0&controls=1&mute=0\" frameborder=\"0\" allow=\"accelerometer; autoplay; encrypted-media; gyroscope; picture-in-picture\" allowfullscreen><\/iframe><\/div><\/script><div class='av-click-to-play-overlay'><div class=\"avia_playpause_icon\"><\/div><\/div><\/div><br \/>\n\n<style type=\"text\/css\" data-created_by=\"avia_inline_auto\" id=\"style-css-av-4o2qy6-67adc9fd48d93079bf8a54752ca721cf\">\n#top .av-special-heading.av-4o2qy6-67adc9fd48d93079bf8a54752ca721cf{\npadding-bottom:10px;\n}\nbody .av-special-heading.av-4o2qy6-67adc9fd48d93079bf8a54752ca721cf .av-special-heading-tag .heading-char{\nfont-size:25px;\n}\n.av-special-heading.av-4o2qy6-67adc9fd48d93079bf8a54752ca721cf .av-subheading{\nfont-size:15px;\n}\n<\/style>\n<div  class='av-special-heading av-4o2qy6-67adc9fd48d93079bf8a54752ca721cf av-special-heading-h3 blockquote modern-quote modern-centered  avia-builder-el-8  el_after_av_video  el_before_av_button'><h3 class='av-special-heading-tag'  itemprop=\"headline\"  >V\u00eddeo de trabajo<\/h3><div class=\"special-heading-border\"><div class=\"special-heading-inner-border\"><\/div><\/div><\/div><br \/>\n<div  class='avia-button-wrap avia-button-right  avia-builder-el-9  el_after_av_heading  avia-builder-el-last' ><a href='https:\/\/www.nghexin.co.za\/es\/consulta\/' class='avia-button av-x3coe-4af4a08e49b687f99bf1486de33e30e8 avia-icon_select-yes-left-icon avia-size-large avia-position-right avia-color-theme-color' target=\"_blank\" rel=\"noopener noreferrer\"><span class='avia_button_icon avia_button_icon_left' aria-hidden='true' data-av_icon='\ue832' data-av_iconfont='entypo-fontello'><\/span><span class='avia_iconbox_title' >Obtenga una cotizaci\u00f3n<\/span><\/a><\/div><\/p><\/div>\n<style type=\"text\/css\" data-created_by=\"avia_inline_auto\" id=\"style-css-av-jr8kcy9k-1c7b49524786e946979b5c15b9718050\">\n#top .hr.hr-invisible.av-jr8kcy9k-1c7b49524786e946979b5c15b9718050{\nheight:70px;\n}\n<\/style>\n<div  class='hr av-jr8kcy9k-1c7b49524786e946979b5c15b9718050 hr-invisible  avia-builder-el-10  el_after_av_one_half  avia-builder-el-last'><span class='hr-inner'><span class=\"hr-inner-style\"><\/span><\/span><\/div>\n<\/div><\/div><\/div><!-- close content main div --><\/div><div class='av-extra-border-element border-extra-diagonal'><div class='av-extra-border-outer'><div class='av-extra-border-inner'><\/div><\/div><\/div><\/div><\/div>\n<style type=\"text\/css\" data-created_by=\"avia_inline_auto\" id=\"style-css-av-83urm6-3139fa100820d21954cb8dd07d4e3125\">\n.avia-section.av-83urm6-3139fa100820d21954cb8dd07d4e3125{\nbackground-color:#e2e2e2;\nbackground-image:unset;\n}\n<\/style>\n<div id='av_section_2'  class='avia-section av-83urm6-3139fa100820d21954cb8dd07d4e3125 main_color avia-section-default avia-no-border-styling  avia-builder-el-11  el_after_av_section  avia-builder-el-last  avia-bg-style-scroll container_wrap sidebar_right'  ><div class='container av-section-cont-open' ><div class='template-page content  av-content-small alpha units'><div class='post-entry post-entry-type-page post-entry-3726'><div class='entry-content-wrapper clearfix'>\n<section  class='av_textblock_section av-jr8kpaji-11708d231fe2900bf4cc9a51f3c6da86'  itemscope=\"itemscope\" itemtype=\"https:\/\/schema.org\/CreativeWork\" ><div class='avia_textblock'  itemprop=\"text\" ><h1 style=\"text-align: right;\"><span style=\"font-family: 'trebuchet ms', geneva, sans-serif; font-size: 18pt;\">2. Planta de reciclaje de arena residual de 2 t\/h<\/span><\/h1>\n<\/div><\/section>\n\n<style type=\"text\/css\" data-created_by=\"avia_inline_auto\" id=\"style-css-av-54obam-9bd98d88993aa57d7167ff1907d24603\">\n.flex_column.av-54obam-9bd98d88993aa57d7167ff1907d24603{\nborder-radius:0px 0px 0px 0px;\n-webkit-border-radius:0px 0px 0px 0px;\n-moz-border-radius:0px 0px 0px 0px;\n}\n<\/style>\n<div class='flex_column av-54obam-9bd98d88993aa57d7167ff1907d24603 av_one_half  avia-builder-el-13  el_after_av_textblock  el_before_av_one_half  first flex_column_div av-zero-column-padding column-top-margin'   ><p>\n<style type=\"text\/css\" data-created_by=\"avia_inline_auto\" id=\"style-css-av-jr8k3j47-3-c257b849c5d9c1280c6665fe2aeb161c\">\n#top .hr.hr-invisible.av-jr8k3j47-3-c257b849c5d9c1280c6665fe2aeb161c{\nheight:40px;\n}\n<\/style>\n<div  class='hr av-jr8k3j47-3-c257b849c5d9c1280c6665fe2aeb161c hr-invisible  avia-builder-el-14  el_before_av_video  avia-builder-el-first'><span class='hr-inner'><span class=\"hr-inner-style\"><\/span><\/span><\/div><br \/>\n<div  class='avia-video av-agtjcu-2-ccdfd994098395079b28196b419bae26 avia-video-16-9 av-no-preview-image avia-video-load-always av-lazyload-immediate av-lazyload-video-embed'  itemprop=\"video\" itemtype=\"https:\/\/schema.org\/VideoObject\"  data-original_url='https:\/\/youtu.be\/8JRyIkMVpxY'><script type='text\/html' class='av-video-tmpl'><div class='avia-iframe-wrap'><iframe loading=\"lazy\" width=\"1500\" height=\"844\" src=\"https:\/\/www.youtube.com\/embed\/8JRyIkMVpxY?feature=oembed&autoplay=0&loop=0&controls=1&mute=0\" frameborder=\"0\" allow=\"accelerometer; autoplay; encrypted-media; gyroscope; picture-in-picture\" allowfullscreen><\/iframe><\/div><\/script><div class='av-click-to-play-overlay'><div class=\"avia_playpause_icon\"><\/div><\/div><\/div><br \/>\n\n<style type=\"text\/css\" data-created_by=\"avia_inline_auto\" id=\"style-css-av-27uy8u-7ccdc6cd70f372ec42dfea9cd632b66e\">\n#top .av-special-heading.av-27uy8u-7ccdc6cd70f372ec42dfea9cd632b66e{\npadding-bottom:10px;\n}\nbody .av-special-heading.av-27uy8u-7ccdc6cd70f372ec42dfea9cd632b66e .av-special-heading-tag .heading-char{\nfont-size:25px;\n}\n.av-special-heading.av-27uy8u-7ccdc6cd70f372ec42dfea9cd632b66e .av-subheading{\nfont-size:15px;\n}\n<\/style>\n<div  class='av-special-heading av-27uy8u-7ccdc6cd70f372ec42dfea9cd632b66e av-special-heading-h3 blockquote modern-quote modern-centered  avia-builder-el-16  el_after_av_video  el_before_av_button'><h3 class='av-special-heading-tag'  itemprop=\"headline\"  >V\u00eddeo de trabajo <\/h3><div class=\"special-heading-border\"><div class=\"special-heading-inner-border\"><\/div><\/div><\/div><br \/>\n<div  class='avia-button-wrap avia-button-right  avia-builder-el-17  el_after_av_heading  avia-builder-el-last' ><a href='https:\/\/www.nghexin.co.za\/es\/consulta\/' class='avia-button av-x3coe-1-950af717df41f25b2d7822ea78f8bfd3 avia-icon_select-yes-left-icon avia-size-large avia-position-right avia-color-theme-color' target=\"_blank\" rel=\"noopener noreferrer\"><span class='avia_button_icon avia_button_icon_left' aria-hidden='true' data-av_icon='\ue832' data-av_iconfont='entypo-fontello'><\/span><span class='avia_iconbox_title' >Obtenga una cotizaci\u00f3n<\/span><\/a><\/div><\/p><\/div>\n<style type=\"text\/css\" data-created_by=\"avia_inline_auto\" id=\"style-css-av-39cm7i-eeddbbe6fd058c4bda3916072e974f04\">\n.flex_column.av-39cm7i-eeddbbe6fd058c4bda3916072e974f04{\nborder-radius:0px 0px 0px 0px;\n-webkit-border-radius:0px 0px 0px 0px;\n-moz-border-radius:0px 0px 0px 0px;\n}\n<\/style>\n<div class='flex_column av-39cm7i-eeddbbe6fd058c4bda3916072e974f04 av_one_half  avia-builder-el-18  el_after_av_one_half  avia-builder-el-last  flex_column_div av-zero-column-padding column-top-margin'   ><section  class='av_textblock_section av-jr8jcg0d-4-3acf7fbdae5499d48ad4302c28318104'  itemscope=\"itemscope\" itemtype=\"https:\/\/schema.org\/CreativeWork\" ><div class='avia_textblock'  itemprop=\"text\" ><p><span style=\"font-size: 12pt; font-family: 'trebuchet ms', geneva, sans-serif;\">Durante el funcionamiento, la l\u00ednea de moldeo de bolas de molienda genera una gran cantidad de arena quemada residual, pero la mayor\u00eda de ella se puede volver a utilizar. Para ello, se necesita una m\u00e1quina de reciclaje de arena.\u00a0<\/span><\/p>\n<p><span style=\"text-decoration: underline;\"><span style=\"font-size: 12pt; font-family: 'trebuchet ms', geneva, sans-serif;\">Todos los par\u00e1metros de la planta y el proceso de trabajo.<\/span><\/span><\/p>\n<ul>\n<li><span style=\"font-size: 12pt; font-family: 'trebuchet ms', geneva, sans-serif;\">Alimentaci\u00f3n: trif\u00e1sica\/monof\u00e1sica: 380\/220 V \u00b1 151 TP3T 50 Hz<\/span><\/li>\n<li><span style=\"font-size: 12pt; font-family: 'trebuchet ms', geneva, sans-serif;\">Potencia industrial: presi\u00f3n: 0,15 Mpa, temperatura: &lt;200 grados<\/span><\/li>\n<li><span style=\"font-size: 12pt; font-family: 'trebuchet ms', geneva, sans-serif;\">Compresi\u00f3n de aire: \u22650,45 Mpa<\/span><\/li>\n<li><span style=\"font-size: 12pt; font-family: 'trebuchet ms', geneva, sans-serif;\">Consumo de aire: 22m3\/ton<\/span><\/li>\n<li><span style=\"font-size: 12pt; font-family: 'trebuchet ms', geneva, sans-serif;\">Temperatura final de la arena: \u226650 grados<\/span><\/li>\n<li><span style=\"font-size: 12pt; font-family: 'trebuchet ms', geneva, sans-serif;\">Temperatura ambiente: -12\uff5e45\u2103 (temperatura de trabajo real)<\/span><\/li>\n<li><span style=\"font-size: 12pt; font-family: 'trebuchet ms', geneva, sans-serif;\">Todo el proceso de reciclaje de arena: Tanque de arena residual \u2192 cinta transportadora \u2192 trituradora \u2192 elevador de cangilones \u2192 balde de arena \u2192 adici\u00f3n de material \u2192 combusti\u00f3n \u2192 enfriamiento y eliminaci\u00f3n de polvo \u2192 elevador de cangilones \u2192 tamiz \u2192 elevador de cangilones \u2192 tanque de arena final \u2192 arena de silicio<\/span><\/li>\n<\/ul>\n<p><span style=\"font-family: 'trebuchet ms', geneva, sans-serif; font-size: 12pt;\"><span style=\"text-decoration: underline;\">El conjunto completo de la l\u00ednea de producci\u00f3n de reciclaje de arena residual consta de <\/span>: <\/span><\/p>\n<p><span style=\"font-family: 'trebuchet ms', geneva, sans-serif; font-size: 12pt;\">sistema de rotura de arena, sistema de quema, sistema de cribado, sistema de recuperaci\u00f3n, sistema de eliminaci\u00f3n de polvo equipado, sistema de control, estructura de acero no est\u00e1ndar, etc.<\/span><\/p>\n<\/div><\/section><\/div><\/div><\/div><\/div><!-- close content main div --><\/div><\/div><div id='after_section_2'  class='main_color av_default_container_wrap container_wrap sidebar_right'  ><div class='container av-section-cont-open' ><div class='template-page content  av-content-small alpha units'><div class='post-entry post-entry-type-page post-entry-3726'><div class='entry-content-wrapper clearfix'><\/p>","protected":false},"excerpt":{"rendered":"","protected":false},"author":1,"featured_media":3727,"parent":0,"menu_order":0,"comment_status":"closed","ping_status":"closed","template":"","meta":{"footnotes":""},"class_list":["post-3726","page","type-page","status-publish","has-post-thumbnail","hentry"],"_links":{"self":[{"href":"https:\/\/www.nghexin.co.za\/es\/wp-json\/wp\/v2\/pages\/3726"}],"collection":[{"href":"https:\/\/www.nghexin.co.za\/es\/wp-json\/wp\/v2\/pages"}],"about":[{"href":"https:\/\/www.nghexin.co.za\/es\/wp-json\/wp\/v2\/types\/page"}],"author":[{"embeddable":true,"href":"https:\/\/www.nghexin.co.za\/es\/wp-json\/wp\/v2\/users\/1"}],"replies":[{"embeddable":true,"href":"https:\/\/www.nghexin.co.za\/es\/wp-json\/wp\/v2\/comments?post=3726"}],"version-history":[{"count":16,"href":"https:\/\/www.nghexin.co.za\/es\/wp-json\/wp\/v2\/pages\/3726\/revisions"}],"predecessor-version":[{"id":4696,"href":"https:\/\/www.nghexin.co.za\/es\/wp-json\/wp\/v2\/pages\/3726\/revisions\/4696"}],"wp:featuredmedia":[{"embeddable":true,"href":"https:\/\/www.nghexin.co.za\/es\/wp-json\/wp\/v2\/media\/3727"}],"wp:attachment":[{"href":"https:\/\/www.nghexin.co.za\/es\/wp-json\/wp\/v2\/media?parent=3726"}],"curies":[{"name":"wp","href":"https:\/\/api.w.org\/{rel}","templated":true}]}}